{"id":925,"date":"2020-12-17T22:52:53","date_gmt":"2020-12-17T20:52:53","guid":{"rendered":"https:\/\/www.doumaoutdoorliving.nl\/?page_id=925"},"modified":"2025-10-16T14:04:03","modified_gmt":"2025-10-16T12:04:03","slug":"contact","status":"publish","type":"page","link":"https:\/\/www.doumaoutdoorliving.nl\/de\/contact\/","title":{"rendered":"Kontaktiere uns"},"content":{"rendered":"\r\n<p>F\u00fcr weitere Informationen zu unseren Produkten oder Dienstleistungen k\u00f6nnen Sie uns gerne \u00fcber das unten stehende Kontaktformular kontaktieren. M\u00f6chten Sie uns lieber anrufen? Dies kann \u00fcber <a href=\"tel:0031652693276\">+ 31 6 52 69 32 76<\/a> erfolgen. Wir helfen Ihnen gerne weiter.<\/p>\r\n<h2>Kontakt Formular<\/h2>\r\n<div class=\"frm_forms  with_frm_style frm_style_divi\" id=\"frm_form_2_container\" data-token=\"f2018d043aa035ef03134f540cd1ef28\">\n<form enctype=\"multipart\/form-data\" method=\"post\" class=\"frm-show-form  frm_pro_form \" id=\"form_contact\" data-token=\"f2018d043aa035ef03134f540cd1ef28\">\n<div class=\"frm_form_fields \">\n<fieldset>\n<legend class=\"frm_screen_reader\">Kontakt<\/legend>\r\n\r\n<div class=\"frm_fields_container\">\n<input type=\"hidden\" name=\"frm_action\" value=\"create\" \/>\n<input type=\"hidden\" name=\"form_id\" value=\"2\" \/>\n<input type=\"hidden\" name=\"frm_hide_fields_2\" id=\"frm_hide_fields_2\" value=\"\" \/>\n<input type=\"hidden\" name=\"form_key\" value=\"contact\" \/>\n<input type=\"hidden\" name=\"item_meta[0]\" value=\"\" \/>\n<input type=\"hidden\" id=\"frm_submit_entry_2\" name=\"frm_submit_entry_2\" value=\"534dd3278e\" \/><input type=\"hidden\" name=\"_wp_http_referer\" value=\"\/de\/wp-json\/wp\/v2\/pages\/925\" \/><div id=\"frm_field_7_container\" class=\"frm_form_field form-field  frm_required_field frm_inside_container frm6 frm_first\">\r\n\t<label for=\"field_cfq20\" id=\"field_cfq20_label\" class=\"frm_primary_label\">Name\r\n\t\t<span class=\"frm_required\" aria-hidden=\"true\">*<\/span>\r\n\t<\/label>\r\n\t<input  type=\"text\" id=\"field_cfq20\" name=\"item_meta[7]\" value=\"\"  data-reqmsg=\"Name darf nicht leer sein.\" aria-required=\"true\" data-invmsg=\"Name is invalid\" aria-invalid=\"false\"   \/>\r\n\t\r\n\t\r\n<\/div>\n<div id=\"frm_field_8_container\" class=\"frm_form_field form-field  frm_inside_container frm6\">\r\n\t<label for=\"field_x9yv9\" id=\"field_x9yv9_label\" class=\"frm_primary_label\">Firma\r\n\t\t<span class=\"frm_required\" aria-hidden=\"true\"><\/span>\r\n\t<\/label>\r\n\t<input  type=\"text\" id=\"field_x9yv9\" name=\"item_meta[8]\" value=\"\"  data-invmsg=\"Firma is invalid\" aria-invalid=\"false\"   \/>\r\n\t\r\n\t\r\n<\/div>\n<div id=\"frm_field_9_container\" class=\"frm_form_field form-field  frm_required_field frm_inside_container frm6 frm_first\">\r\n\t<label for=\"field_zqfsd\" id=\"field_zqfsd_label\" class=\"frm_primary_label\">E-Mail\r\n\t\t<span class=\"frm_required\" aria-hidden=\"true\">*<\/span>\r\n\t<\/label>\r\n\t<input type=\"email\" id=\"field_zqfsd\" name=\"item_meta[9]\" value=\"\"  autocomplete=\"email\"  data-reqmsg=\"E-Mail mag niet leeg zijn.\" aria-required=\"true\" data-invmsg=\"E-Mail is invalid\" aria-invalid=\"false\"  \/>\r\n\t\r\n\t\r\n<\/div>\n<div id=\"frm_field_10_container\" class=\"frm_form_field form-field  frm_required_field frm_inside_container frm6\">\r\n\t<label for=\"field_3e6o\" id=\"field_3e6o_label\" class=\"frm_primary_label\">Telefon\r\n\t\t<span class=\"frm_required\" aria-hidden=\"true\">*<\/span>\r\n\t<\/label>\r\n\t<input type=\"tel\" id=\"field_3e6o\" name=\"item_meta[10]\" value=\"\"  data-reqmsg=\"Telefon darf nicht leer sein.\" aria-required=\"true\" data-invmsg=\"Telefon is invalid\" aria-invalid=\"false\" pattern=\"((\\+\\d{1,3}(-|.| )?\\(?\\d\\)?(-| |.)?\\d{1,5})|(\\(?\\d{2,6}\\)?))(-|.| )?(\\d{3,4})(-|.| )?(\\d{4})(( x| ext)\\d{1,5}){0,1}$\"  \/>\r\n\t\r\n\t\r\n<\/div>\n<div id=\"frm_field_11_container\" class=\"frm_form_field form-field  frm_required_field frm_inside_container\">\r\n\t<label for=\"field_uwrjd\" id=\"field_uwrjd_label\" class=\"frm_primary_label\">Frage\/Kommentar\r\n\t\t<span class=\"frm_required\" aria-hidden=\"true\">*<\/span>\r\n\t<\/label>\r\n\t<textarea name=\"item_meta[11]\" id=\"field_uwrjd\" rows=\"5\"  data-reqmsg=\"Frage\/Kommentar darf nicht leer sein.\" aria-required=\"true\" data-invmsg=\"Frage\/Kommentar is invalid\" aria-invalid=\"false\"  ><\/textarea>\r\n\t\r\n\t\r\n<\/div>\n\t\t<input  type=\"hidden\" name=\"item_meta[22]\" id=\"field_qlg1l\" value=\"\/de\/danke\/\"  data-frmval=\"\/de\/danke\/\"   \/>\n\t\t<div id=\"frm_field_26_container\" class=\"frm_form_field form-field  frm_none_container\">\r\n\t<label for=\"g-recaptcha-response\" id=\"field_oxg15_label\" class=\"frm_primary_label\">Captcha\r\n\t\t<span class=\"frm_required\" aria-hidden=\"true\"><\/span>\r\n\t<\/label>\r\n\t<div  id=\"field_oxg15\" class=\"frm-g-recaptcha\" data-sitekey=\"6LdsTQMsAAAAAA_-Jujd_6ltbSsHKLMc-043oH22\" data-size=\"normal\" data-theme=\"light\"><\/div>\r\n\t\r\n\t\r\n<\/div>\n<div id=\"frm_field_6_container\" class=\"frm_form_field form-field \">\r\n\t<div class=\"frm_submit frm_flex\">\r\n<button class=\"frm_button_submit frm_final_submit\" type=\"submit\"   formnovalidate=\"formnovalidate\">Senden<\/button>\r\n\r\n\r\n\r\n<\/div>\r\n<\/div>\n\t<input type=\"hidden\" name=\"item_key\" value=\"\" \/>\n\t\t\t<div id=\"frm_field_28_container\">\n\t\t\t<label for=\"field_ko3rj\" >\n\t\t\t\tFalls Du menschlich bist, lasse dieses Feld leer.\t\t\t<\/label>\n\t\t\t<input  id=\"field_ko3rj\" type=\"text\" class=\"frm_form_field form-field frm_verify\" name=\"item_meta[28]\" value=\"\"  \/>\n\t\t<\/div>\n\t\t<input name=\"frm_state\" type=\"hidden\" value=\"jBHAR+SpzkQ1vOkm2IndeGwgIgWDIVXlvM4iaTn3mHN8q54P2xDRTZroo\/yUHe91\" \/><\/div>\n<\/fieldset>\n<\/div>\n\n<\/form>\n<\/div>\n\r\n<h3>Wir sind an folgenden Feiertagen geschlossen:<\/h3>\r\n<ul>\r\n<li>Neujahr (1. Januar)<\/li>\r\n<li>K\u00f6nigstag (27. April)<\/li>\r\n<li>Weihnachtstag (25. Dezember)<\/li>\r\n<li>Boxing Day (26. Dezember)<\/li>\r\n<li>Silvester (31. Dezember)<\/li>\r\n<\/ul>\r\n<p><\/p>","protected":false},"excerpt":{"rendered":"<p>F\u00fcr weitere Informationen zu unseren Produkten oder Dienstleistungen k\u00f6nnen Sie uns gerne \u00fcber das unten stehende Kontaktformular kontaktieren. M\u00f6chten Sie uns lieber anrufen? Dies kann \u00fcber erfolgen. Wir helfen Ihnen gerne weiter. Kontakt Formular Wir sind an folgenden Feiertagen geschlossen: Neujahr (1. Januar) K\u00f6nigstag (27. April) Weihnachtstag (25. Dezember) Boxing Day (26. Dezember) Silvester (31. [&hellip;]<\/p>\n","protected":false},"author":1,"featured_media":0,"parent":0,"menu_order":0,"comment_status":"closed","ping_status":"closed","template":"","meta":{"_acf_changed":false,"inline_featured_image":false,"_joinchat":[],"footnotes":""},"class_list":["post-925","page","type-page","status-publish","hentry"],"acf":[],"yoast_head":"<!-- This site is optimized with the Yoast SEO plugin v27.4 - https:\/\/yoast.com\/product\/yoast-seo-wordpress\/ -->\n<title>Kontaktiere uns &#8211; Douma Outdoor Living<\/title>\n<meta name=\"robots\" content=\"index, follow, max-snippet:-1, max-image-preview:large, max-video-preview:-1\" \/>\n<link rel=\"canonical\" href=\"https:\/\/www.doumaoutdoorliving.nl\/de\/contact\/\" \/>\n<meta property=\"og:locale\" content=\"de_DE\" \/>\n<meta property=\"og:type\" content=\"article\" \/>\n<meta property=\"og:title\" content=\"Kontaktiere uns &#8211; Douma Outdoor Living\" \/>\n<meta property=\"og:description\" content=\"F\u00fcr weitere Informationen zu unseren Produkten oder Dienstleistungen k\u00f6nnen Sie uns gerne \u00fcber das unten stehende Kontaktformular kontaktieren. M\u00f6chten Sie uns lieber anrufen? Dies kann \u00fcber erfolgen. Wir helfen Ihnen gerne weiter. Kontakt Formular Wir sind an folgenden Feiertagen geschlossen: Neujahr (1. Januar) K\u00f6nigstag (27. April) Weihnachtstag (25. Dezember) Boxing Day (26. Dezember) Silvester (31. [&hellip;]\" \/>\n<meta property=\"og:url\" content=\"https:\/\/www.doumaoutdoorliving.nl\/de\/contact\/\" \/>\n<meta property=\"og:site_name\" content=\"Douma Outdoor Living\" \/>\n<meta property=\"article:modified_time\" content=\"2025-10-16T12:04:03+00:00\" \/>\n<meta name=\"twitter:card\" content=\"summary_large_image\" \/>\n<meta name=\"twitter:label1\" content=\"Gesch\u00e4tzte Lesezeit\" \/>\n\t<meta name=\"twitter:data1\" content=\"1\u00a0Minute\" \/>\n<script type=\"application\/ld+json\" class=\"yoast-schema-graph\">{\"@context\":\"https:\\\/\\\/schema.org\",\"@graph\":[{\"@type\":\"WebPage\",\"@id\":\"https:\\\/\\\/www.doumaoutdoorliving.nl\\\/de\\\/contact\\\/\",\"url\":\"https:\\\/\\\/www.doumaoutdoorliving.nl\\\/de\\\/contact\\\/\",\"name\":\"Kontaktiere uns &#8211; Douma Outdoor Living\",\"isPartOf\":{\"@id\":\"https:\\\/\\\/www.doumaoutdoorliving.nl\\\/de\\\/#website\"},\"datePublished\":\"2020-12-17T20:52:53+00:00\",\"dateModified\":\"2025-10-16T12:04:03+00:00\",\"breadcrumb\":{\"@id\":\"https:\\\/\\\/www.doumaoutdoorliving.nl\\\/de\\\/contact\\\/#breadcrumb\"},\"inLanguage\":\"de\",\"potentialAction\":[{\"@type\":\"ReadAction\",\"target\":[\"https:\\\/\\\/www.doumaoutdoorliving.nl\\\/de\\\/contact\\\/\"]}]},{\"@type\":\"BreadcrumbList\",\"@id\":\"https:\\\/\\\/www.doumaoutdoorliving.nl\\\/de\\\/contact\\\/#breadcrumb\",\"itemListElement\":[{\"@type\":\"ListItem\",\"position\":1,\"name\":\"Home\",\"item\":\"https:\\\/\\\/www.doumaoutdoorliving.nl\\\/de\\\/\"},{\"@type\":\"ListItem\",\"position\":2,\"name\":\"Kontaktiere uns\"}]},{\"@type\":\"WebSite\",\"@id\":\"https:\\\/\\\/www.doumaoutdoorliving.nl\\\/de\\\/#website\",\"url\":\"https:\\\/\\\/www.doumaoutdoorliving.nl\\\/de\\\/\",\"name\":\"Douma Outdoor Living\",\"description\":\"\",\"publisher\":{\"@id\":\"https:\\\/\\\/www.doumaoutdoorliving.nl\\\/de\\\/#organization\"},\"potentialAction\":[{\"@type\":\"SearchAction\",\"target\":{\"@type\":\"EntryPoint\",\"urlTemplate\":\"https:\\\/\\\/www.doumaoutdoorliving.nl\\\/de\\\/?s={search_term_string}\"},\"query-input\":{\"@type\":\"PropertyValueSpecification\",\"valueRequired\":true,\"valueName\":\"search_term_string\"}}],\"inLanguage\":\"de\"},{\"@type\":\"Organization\",\"@id\":\"https:\\\/\\\/www.doumaoutdoorliving.nl\\\/de\\\/#organization\",\"name\":\"iClicks Nederland BV\",\"url\":\"https:\\\/\\\/www.doumaoutdoorliving.nl\\\/de\\\/\",\"logo\":{\"@type\":\"ImageObject\",\"inLanguage\":\"de\",\"@id\":\"https:\\\/\\\/www.doumaoutdoorliving.nl\\\/de\\\/#\\\/schema\\\/logo\\\/image\\\/\",\"url\":\"\",\"contentUrl\":\"\",\"caption\":\"iClicks Nederland BV\"},\"image\":{\"@id\":\"https:\\\/\\\/www.doumaoutdoorliving.nl\\\/de\\\/#\\\/schema\\\/logo\\\/image\\\/\"}}]}<\/script>\n<!-- \/ Yoast SEO plugin. -->","yoast_head_json":{"title":"Kontaktiere uns &#8211; Douma Outdoor Living","robots":{"index":"index","follow":"follow","max-snippet":"max-snippet:-1","max-image-preview":"max-image-preview:large","max-video-preview":"max-video-preview:-1"},"canonical":"https:\/\/www.doumaoutdoorliving.nl\/de\/contact\/","og_locale":"de_DE","og_type":"article","og_title":"Kontaktiere uns &#8211; Douma Outdoor Living","og_description":"F\u00fcr weitere Informationen zu unseren Produkten oder Dienstleistungen k\u00f6nnen Sie uns gerne \u00fcber das unten stehende Kontaktformular kontaktieren. M\u00f6chten Sie uns lieber anrufen? Dies kann \u00fcber erfolgen. Wir helfen Ihnen gerne weiter. Kontakt Formular Wir sind an folgenden Feiertagen geschlossen: Neujahr (1. Januar) K\u00f6nigstag (27. April) Weihnachtstag (25. Dezember) Boxing Day (26. Dezember) Silvester (31. [&hellip;]","og_url":"https:\/\/www.doumaoutdoorliving.nl\/de\/contact\/","og_site_name":"Douma Outdoor Living","article_modified_time":"2025-10-16T12:04:03+00:00","twitter_card":"summary_large_image","twitter_misc":{"Gesch\u00e4tzte Lesezeit":"1\u00a0Minute"},"schema":{"@context":"https:\/\/schema.org","@graph":[{"@type":"WebPage","@id":"https:\/\/www.doumaoutdoorliving.nl\/de\/contact\/","url":"https:\/\/www.doumaoutdoorliving.nl\/de\/contact\/","name":"Kontaktiere uns &#8211; Douma Outdoor Living","isPartOf":{"@id":"https:\/\/www.doumaoutdoorliving.nl\/de\/#website"},"datePublished":"2020-12-17T20:52:53+00:00","dateModified":"2025-10-16T12:04:03+00:00","breadcrumb":{"@id":"https:\/\/www.doumaoutdoorliving.nl\/de\/contact\/#breadcrumb"},"inLanguage":"de","potentialAction":[{"@type":"ReadAction","target":["https:\/\/www.doumaoutdoorliving.nl\/de\/contact\/"]}]},{"@type":"BreadcrumbList","@id":"https:\/\/www.doumaoutdoorliving.nl\/de\/contact\/#breadcrumb","itemListElement":[{"@type":"ListItem","position":1,"name":"Home","item":"https:\/\/www.doumaoutdoorliving.nl\/de\/"},{"@type":"ListItem","position":2,"name":"Kontaktiere uns"}]},{"@type":"WebSite","@id":"https:\/\/www.doumaoutdoorliving.nl\/de\/#website","url":"https:\/\/www.doumaoutdoorliving.nl\/de\/","name":"Douma Outdoor Living","description":"","publisher":{"@id":"https:\/\/www.doumaoutdoorliving.nl\/de\/#organization"},"potentialAction":[{"@type":"SearchAction","target":{"@type":"EntryPoint","urlTemplate":"https:\/\/www.doumaoutdoorliving.nl\/de\/?s={search_term_string}"},"query-input":{"@type":"PropertyValueSpecification","valueRequired":true,"valueName":"search_term_string"}}],"inLanguage":"de"},{"@type":"Organization","@id":"https:\/\/www.doumaoutdoorliving.nl\/de\/#organization","name":"iClicks Nederland BV","url":"https:\/\/www.doumaoutdoorliving.nl\/de\/","logo":{"@type":"ImageObject","inLanguage":"de","@id":"https:\/\/www.doumaoutdoorliving.nl\/de\/#\/schema\/logo\/image\/","url":"","contentUrl":"","caption":"iClicks Nederland BV"},"image":{"@id":"https:\/\/www.doumaoutdoorliving.nl\/de\/#\/schema\/logo\/image\/"}}]}},"_links":{"self":[{"href":"https:\/\/www.doumaoutdoorliving.nl\/de\/wp-json\/wp\/v2\/pages\/925","targetHints":{"allow":["GET"]}}],"collection":[{"href":"https:\/\/www.doumaoutdoorliving.nl\/de\/wp-json\/wp\/v2\/pages"}],"about":[{"href":"https:\/\/www.doumaoutdoorliving.nl\/de\/wp-json\/wp\/v2\/types\/page"}],"author":[{"embeddable":true,"href":"https:\/\/www.doumaoutdoorliving.nl\/de\/wp-json\/wp\/v2\/users\/1"}],"replies":[{"embeddable":true,"href":"https:\/\/www.doumaoutdoorliving.nl\/de\/wp-json\/wp\/v2\/comments?post=925"}],"version-history":[{"count":6,"href":"https:\/\/www.doumaoutdoorliving.nl\/de\/wp-json\/wp\/v2\/pages\/925\/revisions"}],"predecessor-version":[{"id":2753,"href":"https:\/\/www.doumaoutdoorliving.nl\/de\/wp-json\/wp\/v2\/pages\/925\/revisions\/2753"}],"wp:attachment":[{"href":"https:\/\/www.doumaoutdoorliving.nl\/de\/wp-json\/wp\/v2\/media?parent=925"}],"curies":[{"name":"wp","href":"https:\/\/api.w.org\/{rel}","templated":true}]}}